{"id":38,"date":"2025-09-26T12:48:19","date_gmt":"2025-09-26T12:48:19","guid":{"rendered":"http:\/\/prestigelive.fr\/index.php\/home\/"},"modified":"2025-10-17T16:54:04","modified_gmt":"2025-10-17T16:54:04","slug":"home","status":"publish","type":"page","link":"https:\/\/prestigelive.fr\/","title":{"rendered":"Home"},"content":{"rendered":"\r\n<div class=\"wp-block-cover alignfull has-white-background-color has-background-dim hestia-clear-top-padding\">\r\n<div class=\"wp-block-cover__inner-container is-layout-flow wp-block-cover-is-layout-flow\">\r\n<h2 class=\"has-text-align-center has-text-color wp-block-heading\" style=\"color: #3c4858;\"><span dir=\"auto\" style=\"vertical-align: inherit;\"><span dir=\"auto\" style=\"vertical-align: inherit;\"><span dir=\"auto\" style=\"vertical-align: inherit;\"><span dir=\"auto\" style=\"vertical-align: inherit;\">Ce que nous d\u00e9fendons<\/span><\/span><\/span><\/span><\/h2>\r\n\r\n\r\n\r\n<div style=\"height: 40px;\" aria-hidden=\"true\" class=\"wp-block-spacer\"><\/div>\r\n\r\n\r\n\r\n<div class=\"wp-block-columns container is-layout-flex wp-container-core-columns-is-layout-28f84493 wp-block-columns-is-layout-flex\">\r\n<div class=\"wp-block-column is-layout-flow wp-block-column-is-layout-flow\">\r\n<div class=\"wp-block-image\">\r\n<figure class=\"aligncenter size-large\"><img decoding=\"async\" src=\"http:\/\/prestigelive.fr\/wp-content\/themes\/hestia\/assets\/img\/feat1.png\" alt=\"\" class=\"wp-image-70\" \/><\/figure>\r\n<\/div>\r\n\r\n\r\n\r\n<h5 class=\"has-text-align-center has-text-color wp-block-heading\" style=\"color: #3c4858; font-size: 18px;\"><span dir=\"auto\" style=\"vertical-align: inherit;\"><span dir=\"auto\" style=\"vertical-align: inherit;\"><span dir=\"auto\" style=\"vertical-align: inherit;\"><span dir=\"auto\" style=\"vertical-align: inherit;\">Sensibilit\u00e9<\/span><\/span><\/span><\/span><\/h5>\r\n\r\n\r\n\r\n<p class=\"has-text-align-center has-text-color\" style=\"color: #999999; font-size: 14px;\"><span dir=\"auto\" style=\"vertical-align: inherit;\"><span dir=\"auto\" style=\"vertical-align: inherit;\">Nous interpr\u00e9tons chaque morceau avec \u00e9motion et authenticit\u00e9, pour toucher vos invit\u00e9s et cr\u00e9er une ambiance inoubliable.<\/span><\/span><\/p>\r\n\r\n\r\n\r\n<div style=\"height: 25px;\" aria-hidden=\"true\" class=\"wp-block-spacer\"><\/div>\r\n<\/div>\r\n\r\n\r\n\r\n<div class=\"wp-block-column is-layout-flow wp-block-column-is-layout-flow\">\r\n<div class=\"wp-block-image\">\r\n<figure class=\"aligncenter size-large\"><img decoding=\"async\" src=\"http:\/\/prestigelive.fr\/wp-content\/themes\/hestia\/assets\/img\/feat2.png\" alt=\"\" class=\"wp-image-71\" \/><\/figure>\r\n<\/div>\r\n\r\n\r\n\r\n<h5 class=\"has-text-align-center has-text-color wp-block-heading\" style=\"color: #3c4858; font-size: 18px;\"><span dir=\"auto\" style=\"vertical-align: inherit;\"><span dir=\"auto\" style=\"vertical-align: inherit;\"><span dir=\"auto\" style=\"vertical-align: inherit;\"><span dir=\"auto\" style=\"vertical-align: inherit;\">Qualit\u00e9<\/span><\/span><\/span><\/span><\/h5>\r\n\r\n\r\n\r\n<p class=\"has-text-align-center has-text-color\" style=\"color: #999999; font-size: 14px;\"><span dir=\"auto\" style=\"vertical-align: inherit;\"><span dir=\"auto\" style=\"vertical-align: inherit;\">Un duo de voix harmonieuses (soul et pop-rock), enrichi d&#8217;instruments et d&#8217;effets, pour des prestations musicales impeccables et professionnelles.<\/span><\/span><\/p>\r\n\r\n\r\n\r\n<div style=\"height: 25px;\" aria-hidden=\"true\" class=\"wp-block-spacer\"><\/div>\r\n<\/div>\r\n\r\n\r\n\r\n<div class=\"wp-block-column is-layout-flow wp-block-column-is-layout-flow\">\r\n<div class=\"wp-block-image\">\r\n<figure class=\"aligncenter size-large\"><img decoding=\"async\" src=\"http:\/\/prestigelive.fr\/wp-content\/themes\/hestia\/assets\/img\/feat3.png\" alt=\"\" class=\"wp-image-72\" \/><\/figure>\r\n<\/div>\r\n\r\n\r\n\r\n<h5 class=\"has-text-align-center has-text-color wp-block-heading\" style=\"color: #3c4858; font-size: 18px;\"><span dir=\"auto\" style=\"vertical-align: inherit;\"><span dir=\"auto\" style=\"vertical-align: inherit;\"><span dir=\"auto\" style=\"vertical-align: inherit;\"><span dir=\"auto\" style=\"vertical-align: inherit;\">Soutien &amp; proximit\u00e9<\/span><\/span><\/span><\/span><\/h5>\r\n\r\n\r\n\r\n<p class=\"has-text-align-center has-text-color\" style=\"color: #999999; font-size: 14px;\"><span dir=\"auto\" style=\"vertical-align: inherit;\"><span dir=\"auto\" style=\"vertical-align: inherit;\">Nous accompagnons chaque client de la pr\u00e9paration \u00e0 la prestation, pour que votre \u00e9v\u00e9nement se d\u00e9roule sans stress et en toute s\u00e9r\u00e9nit\u00e9.<\/span><\/span><\/p>\r\n\r\n\r\n\r\n<div style=\"height: 25px;\" aria-hidden=\"true\" class=\"wp-block-spacer\"><\/div>\r\n<\/div>\r\n<\/div>\r\n\r\n\r\n\r\n<div style=\"height: 40px;\" aria-hidden=\"true\" class=\"wp-block-spacer\"><\/div>\r\n<\/div>\r\n<\/div>\r\n\r\n\r\n\r\n<div class=\"wp-block-columns container is-layout-flex wp-container-core-columns-is-layout-28f84493 wp-block-columns-is-layout-flex\">\r\n<div class=\"wp-block-column col-md-5 is-layout-flow wp-block-column-is-layout-flow\">\r\n<div style=\"height: 55px;\" aria-hidden=\"true\" class=\"wp-block-spacer\"><\/div>\r\n\r\n\r\n\r\n<p>&nbsp;<\/p>\r\n<\/div>\r\n\r\n\r\n\r\n<div class=\"wp-block-column col-md-6 col-md-offset1 is-layout-flow wp-block-column-is-layout-flow\">\r\n<div style=\"height: 55px;\" aria-hidden=\"true\" class=\"wp-block-spacer\"><\/div>\r\n\r\n\r\n\r\n\r\n\r\n<p>&nbsp;<\/p>\r\n<\/div>\r\n<\/div>\r\n","protected":false},"excerpt":{"rendered":"<p>&nbsp; &nbsp;<\/p>\n","protected":false},"author":1,"featured_media":68,"parent":0,"menu_order":0,"comment_status":"closed","ping_status":"closed","template":"","meta":{"_themeisle_gutenberg_block_has_review":false,"footnotes":""},"class_list":["post-38","page","type-page","status-publish","has-post-thumbnail","hentry"],"yoast_head":"<!-- This site is optimized with the Yoast SEO plugin v26.0 - https:\/\/yoast.com\/wordpress\/plugins\/seo\/ -->\n<title>Home - PrestigeLive<\/title>\n<meta name=\"robots\" content=\"index, follow, max-snippet:-1, max-image-preview:large, max-video-preview:-1\" \/>\n<link rel=\"canonical\" href=\"https:\/\/prestigelive.fr\/\" \/>\n<meta property=\"og:locale\" content=\"en_US\" \/>\n<meta property=\"og:type\" content=\"article\" \/>\n<meta property=\"og:title\" content=\"Home - PrestigeLive\" \/>\n<meta property=\"og:description\" content=\"&nbsp; &nbsp;\" \/>\n<meta property=\"og:url\" content=\"https:\/\/prestigelive.fr\/\" \/>\n<meta property=\"og:site_name\" content=\"PrestigeLive\" \/>\n<meta property=\"article:modified_time\" content=\"2025-10-17T16:54:04+00:00\" \/>\n<meta property=\"og:image\" content=\"http:\/\/prestigelive.fr\/wp-content\/uploads\/2025\/09\/IMG-20241113-WA0000.jpg\" \/>\n\t<meta property=\"og:image:width\" content=\"1600\" \/>\n\t<meta property=\"og:image:height\" content=\"1066\" \/>\n\t<meta property=\"og:image:type\" content=\"image\/jpeg\" \/>\n<meta name=\"twitter:card\" content=\"summary_large_image\" \/>\n<meta name=\"twitter:label1\" content=\"Est. reading time\" \/>\n\t<meta name=\"twitter:data1\" content=\"2 minutes\" \/>\n<script type=\"application\/ld+json\" class=\"yoast-schema-graph\">{\"@context\":\"https:\/\/schema.org\",\"@graph\":[{\"@type\":\"WebPage\",\"@id\":\"https:\/\/prestigelive.fr\/\",\"url\":\"https:\/\/prestigelive.fr\/\",\"name\":\"Home - PrestigeLive\",\"isPartOf\":{\"@id\":\"https:\/\/prestigelive.fr\/#website\"},\"primaryImageOfPage\":{\"@id\":\"https:\/\/prestigelive.fr\/#primaryimage\"},\"image\":{\"@id\":\"https:\/\/prestigelive.fr\/#primaryimage\"},\"thumbnailUrl\":\"https:\/\/prestigelive.fr\/wp-content\/uploads\/2025\/09\/IMG-20241113-WA0000.jpg\",\"datePublished\":\"2025-09-26T12:48:19+00:00\",\"dateModified\":\"2025-10-17T16:54:04+00:00\",\"breadcrumb\":{\"@id\":\"https:\/\/prestigelive.fr\/#breadcrumb\"},\"inLanguage\":\"en-US\",\"potentialAction\":[{\"@type\":\"ReadAction\",\"target\":[\"https:\/\/prestigelive.fr\/\"]}]},{\"@type\":\"ImageObject\",\"inLanguage\":\"en-US\",\"@id\":\"https:\/\/prestigelive.fr\/#primaryimage\",\"url\":\"https:\/\/prestigelive.fr\/wp-content\/uploads\/2025\/09\/IMG-20241113-WA0000.jpg\",\"contentUrl\":\"https:\/\/prestigelive.fr\/wp-content\/uploads\/2025\/09\/IMG-20241113-WA0000.jpg\",\"width\":1600,\"height\":1066},{\"@type\":\"BreadcrumbList\",\"@id\":\"https:\/\/prestigelive.fr\/#breadcrumb\",\"itemListElement\":[{\"@type\":\"ListItem\",\"position\":1,\"name\":\"Home\",\"item\":\"https:\/\/prestigelive.fr\/\"},{\"@type\":\"ListItem\",\"position\":2,\"name\":\"Home\"}]},{\"@type\":\"WebSite\",\"@id\":\"https:\/\/prestigelive.fr\/#website\",\"url\":\"https:\/\/prestigelive.fr\/\",\"name\":\"PrestigeLive\",\"description\":\"\",\"potentialAction\":[{\"@type\":\"SearchAction\",\"target\":{\"@type\":\"EntryPoint\",\"urlTemplate\":\"https:\/\/prestigelive.fr\/?s={search_term_string}\"},\"query-input\":{\"@type\":\"PropertyValueSpecification\",\"valueRequired\":true,\"valueName\":\"search_term_string\"}}],\"inLanguage\":\"en-US\"}]}<\/script>\n<!-- \/ Yoast SEO plugin. -->","yoast_head_json":{"title":"Home - PrestigeLive","robots":{"index":"index","follow":"follow","max-snippet":"max-snippet:-1","max-image-preview":"max-image-preview:large","max-video-preview":"max-video-preview:-1"},"canonical":"https:\/\/prestigelive.fr\/","og_locale":"en_US","og_type":"article","og_title":"Home - PrestigeLive","og_description":"&nbsp; &nbsp;","og_url":"https:\/\/prestigelive.fr\/","og_site_name":"PrestigeLive","article_modified_time":"2025-10-17T16:54:04+00:00","og_image":[{"width":1600,"height":1066,"url":"http:\/\/prestigelive.fr\/wp-content\/uploads\/2025\/09\/IMG-20241113-WA0000.jpg","type":"image\/jpeg"}],"twitter_card":"summary_large_image","twitter_misc":{"Est. reading time":"2 minutes"},"schema":{"@context":"https:\/\/schema.org","@graph":[{"@type":"WebPage","@id":"https:\/\/prestigelive.fr\/","url":"https:\/\/prestigelive.fr\/","name":"Home - PrestigeLive","isPartOf":{"@id":"https:\/\/prestigelive.fr\/#website"},"primaryImageOfPage":{"@id":"https:\/\/prestigelive.fr\/#primaryimage"},"image":{"@id":"https:\/\/prestigelive.fr\/#primaryimage"},"thumbnailUrl":"https:\/\/prestigelive.fr\/wp-content\/uploads\/2025\/09\/IMG-20241113-WA0000.jpg","datePublished":"2025-09-26T12:48:19+00:00","dateModified":"2025-10-17T16:54:04+00:00","breadcrumb":{"@id":"https:\/\/prestigelive.fr\/#breadcrumb"},"inLanguage":"en-US","potentialAction":[{"@type":"ReadAction","target":["https:\/\/prestigelive.fr\/"]}]},{"@type":"ImageObject","inLanguage":"en-US","@id":"https:\/\/prestigelive.fr\/#primaryimage","url":"https:\/\/prestigelive.fr\/wp-content\/uploads\/2025\/09\/IMG-20241113-WA0000.jpg","contentUrl":"https:\/\/prestigelive.fr\/wp-content\/uploads\/2025\/09\/IMG-20241113-WA0000.jpg","width":1600,"height":1066},{"@type":"BreadcrumbList","@id":"https:\/\/prestigelive.fr\/#breadcrumb","itemListElement":[{"@type":"ListItem","position":1,"name":"Home","item":"https:\/\/prestigelive.fr\/"},{"@type":"ListItem","position":2,"name":"Home"}]},{"@type":"WebSite","@id":"https:\/\/prestigelive.fr\/#website","url":"https:\/\/prestigelive.fr\/","name":"PrestigeLive","description":"","potentialAction":[{"@type":"SearchAction","target":{"@type":"EntryPoint","urlTemplate":"https:\/\/prestigelive.fr\/?s={search_term_string}"},"query-input":{"@type":"PropertyValueSpecification","valueRequired":true,"valueName":"search_term_string"}}],"inLanguage":"en-US"}]}},"_links":{"self":[{"href":"https:\/\/prestigelive.fr\/index.php\/wp-json\/wp\/v2\/pages\/38","targetHints":{"allow":["GET"]}}],"collection":[{"href":"https:\/\/prestigelive.fr\/index.php\/wp-json\/wp\/v2\/pages"}],"about":[{"href":"https:\/\/prestigelive.fr\/index.php\/wp-json\/wp\/v2\/types\/page"}],"author":[{"embeddable":true,"href":"https:\/\/prestigelive.fr\/index.php\/wp-json\/wp\/v2\/users\/1"}],"replies":[{"embeddable":true,"href":"https:\/\/prestigelive.fr\/index.php\/wp-json\/wp\/v2\/comments?post=38"}],"version-history":[{"count":4,"href":"https:\/\/prestigelive.fr\/index.php\/wp-json\/wp\/v2\/pages\/38\/revisions"}],"predecessor-version":[{"id":215,"href":"https:\/\/prestigelive.fr\/index.php\/wp-json\/wp\/v2\/pages\/38\/revisions\/215"}],"wp:featuredmedia":[{"embeddable":true,"href":"https:\/\/prestigelive.fr\/index.php\/wp-json\/wp\/v2\/media\/68"}],"wp:attachment":[{"href":"https:\/\/prestigelive.fr\/index.php\/wp-json\/wp\/v2\/media?parent=38"}],"curies":[{"name":"wp","href":"https:\/\/api.w.org\/{rel}","templated":true}]}}