{"id":12,"date":"2025-09-25T13:00:41","date_gmt":"2025-09-25T13:00:41","guid":{"rendered":"https:\/\/prestigelive.fr\/?page_id=3"},"modified":"2025-10-11T19:59:06","modified_gmt":"2025-10-11T19:59:06","slug":"musique-reprises","status":"publish","type":"page","link":"https:\/\/prestigelive.fr\/index.php\/musique-reprises\/","title":{"rendered":"Vid\u00e9os"},"content":{"rendered":"<h2><span dir=\"auto\" style=\"vertical-align: inherit;\"><span dir=\"auto\" style=\"vertical-align: inherit;\"><span dir=\"auto\" style=\"vertical-align: inherit;\"><span dir=\"auto\" style=\"vertical-align: inherit;\"><span dir=\"auto\" style=\"vertical-align: inherit;\"><span dir=\"auto\" style=\"vertical-align: inherit;\"><span dir=\"auto\" style=\"vertical-align: inherit;\"><span dir=\"auto\" style=\"vertical-align: inherit;\"><span dir=\"auto\" style=\"vertical-align: inherit;\"><span dir=\"auto\" style=\"vertical-align: inherit;\">Prestige Live en vid\u00e9o<\/span><\/span><\/span><\/span><\/span><\/span><\/span><\/span><\/span><\/span><\/h2>\n<p><span dir=\"auto\" style=\"vertical-align: inherit;\"><span dir=\"auto\" style=\"vertical-align: inherit;\"><span dir=\"auto\" style=\"vertical-align: inherit;\"><span dir=\"auto\" style=\"vertical-align: inherit;\"><span dir=\"auto\" style=\"vertical-align: inherit;\"><span dir=\"auto\" style=\"vertical-align: inherit;\"><span dir=\"auto\" style=\"vertical-align: inherit;\"><span dir=\"auto\" style=\"vertical-align: inherit;\"><span dir=\"auto\" style=\"vertical-align: inherit;\"><span dir=\"auto\" style=\"vertical-align: inherit;\">D\u00e9couvrez en vid\u00e9o quelques-uns de nos plus beaux moments musicaux. <\/span><\/span><\/span><\/span><\/span><\/span><\/span><\/span><\/span><\/span><br data-start=\"1004\" data-end=\"1007\" \/><span dir=\"auto\" style=\"vertical-align: inherit;\"><span dir=\"auto\" style=\"vertical-align: inherit;\"><span dir=\"auto\" style=\"vertical-align: inherit;\"><span dir=\"auto\" style=\"vertical-align: inherit;\"><span dir=\"auto\" style=\"vertical-align: inherit;\"><span dir=\"auto\" style=\"vertical-align: inherit;\"><span dir=\"auto\" style=\"vertical-align: inherit;\"><span dir=\"auto\" style=\"vertical-align: inherit;\"><span dir=\"auto\" style=\"vertical-align: inherit;\"><span dir=\"auto\" style=\"vertical-align: inherit;\">Chaque prestation est unique, pr\u00e9par\u00e9e avec soin pour cr\u00e9er une ambiance chaleureuse et m\u00e9morable. <\/span><\/span><\/span><\/span><\/span><\/span><\/span><\/span><\/span><\/span><br data-start=\"1107\" data-end=\"1110\" \/><span dir=\"auto\" style=\"vertical-align: inherit;\"><span dir=\"auto\" style=\"vertical-align: inherit;\"><span dir=\"auto\" style=\"vertical-align: inherit;\"><span dir=\"auto\" style=\"vertical-align: inherit;\"><span dir=\"auto\" style=\"vertical-align: inherit;\"><span dir=\"auto\" style=\"vertical-align: inherit;\"><span dir=\"auto\" style=\"vertical-align: inherit;\"><span dir=\"auto\" style=\"vertical-align: inherit;\"><span dir=\"auto\" style=\"vertical-align: inherit;\"><span dir=\"auto\" style=\"vertical-align: inherit;\">Que ce soit pour un mariage, un vin d&#8217;honneur ou une soir\u00e9e priv\u00e9e, nous mettons nos voix et nos instruments au service de vos plus belles \u00e9motions.<\/span><\/span><\/span><\/span><\/span><\/span><\/span><\/span><\/span><\/span><\/p>\n<p>&nbsp;<\/p>\n<div class=\"wp-playlist wp-video-playlist wp-playlist-light\">\n\t\t<video controls=\"controls\" preload=\"none\" width=\"728\"\n\t\t height=\"1310\"\t><\/video>\n\t<div class=\"wp-playlist-next\"><\/div>\n\t<div class=\"wp-playlist-prev\"><\/div>\n\t<noscript>\n\t<ol>\n\t\t<li><a href='https:\/\/prestigelive.fr\/wp-content\/uploads\/2025\/09\/VID-20250922-WA0012.mp4'>Vid\u00e9o<\/a><\/li><li><a href='https:\/\/prestigelive.fr\/wp-content\/uploads\/2025\/09\/VID-20250922-WA0006.mp4'>Vid\u00e9o<\/a><\/li><li><a href='https:\/\/prestigelive.fr\/wp-content\/uploads\/2025\/09\/VID-20250922-WA00101.mp4'>Vid\u00e9o<\/a><\/li><li><a href='https:\/\/prestigelive.fr\/wp-content\/uploads\/2025\/09\/received_10217780022239304.mp4'>Vid\u00e9o<\/a><\/li><li><a href='https:\/\/prestigelive.fr\/wp-content\/uploads\/2025\/09\/received_10217780398488710.mp4'>Vid\u00e9o<\/a><\/li>\t<\/ol>\n\t<\/noscript>\n\t<script type=\"application\/json\" class=\"wp-playlist-script\">{\"type\":\"video\",\"tracklist\":true,\"tracknumbers\":true,\"images\":true,\"artists\":true,\"tracks\":[{\"src\":\"https:\/\/prestigelive.fr\/wp-content\/uploads\/2025\/09\/VID-20250922-WA0012.mp4\",\"type\":\"video\/mp4\",\"title\":\"Vid\\u00e9o\",\"caption\":\"\",\"description\":\"\",\"meta\":{\"length_formatted\":\"0:29\"},\"dimensions\":{\"original\":{\"width\":480,\"height\":856},\"resized\":{\"width\":728,\"height\":1298}},\"image\":{\"src\":\"https:\/\/prestigelive.fr\/wp-includes\/images\/media\/video.svg\",\"width\":48,\"height\":64},\"thumb\":{\"src\":\"https:\/\/prestigelive.fr\/wp-includes\/images\/media\/video.svg\",\"width\":48,\"height\":64}},{\"src\":\"https:\/\/prestigelive.fr\/wp-content\/uploads\/2025\/09\/VID-20250922-WA0006.mp4\",\"type\":\"video\/mp4\",\"title\":\"Vid\\u00e9o\",\"caption\":\"\",\"description\":\"\",\"meta\":{\"length_formatted\":\"0:26\"},\"dimensions\":{\"original\":{\"width\":576,\"height\":1024},\"resized\":{\"width\":728,\"height\":1294}},\"image\":{\"src\":\"https:\/\/prestigelive.fr\/wp-includes\/images\/media\/video.svg\",\"width\":48,\"height\":64},\"thumb\":{\"src\":\"https:\/\/prestigelive.fr\/wp-includes\/images\/media\/video.svg\",\"width\":48,\"height\":64}},{\"src\":\"https:\/\/prestigelive.fr\/wp-content\/uploads\/2025\/09\/VID-20250922-WA00101.mp4\",\"type\":\"video\/mp4\",\"title\":\"Vid\\u00e9o\",\"caption\":\"\",\"description\":\"\",\"meta\":{\"length_formatted\":\"1:21\"},\"dimensions\":{\"original\":{\"width\":480,\"height\":856},\"resized\":{\"width\":728,\"height\":1298}},\"image\":{\"src\":\"https:\/\/prestigelive.fr\/wp-includes\/images\/media\/video.svg\",\"width\":48,\"height\":64},\"thumb\":{\"src\":\"https:\/\/prestigelive.fr\/wp-includes\/images\/media\/video.svg\",\"width\":48,\"height\":64}},{\"src\":\"https:\/\/prestigelive.fr\/wp-content\/uploads\/2025\/09\/received_10217780022239304.mp4\",\"type\":\"video\/mp4\",\"title\":\"Vid\\u00e9o\",\"caption\":\"\",\"description\":\"\",\"meta\":{\"length_formatted\":\"0:42\"},\"dimensions\":{\"original\":{\"width\":320,\"height\":576},\"resized\":{\"width\":728,\"height\":1310}},\"image\":{\"src\":\"https:\/\/prestigelive.fr\/wp-includes\/images\/media\/video.svg\",\"width\":48,\"height\":64},\"thumb\":{\"src\":\"https:\/\/prestigelive.fr\/wp-includes\/images\/media\/video.svg\",\"width\":48,\"height\":64}},{\"src\":\"https:\/\/prestigelive.fr\/wp-content\/uploads\/2025\/09\/received_10217780398488710.mp4\",\"type\":\"video\/mp4\",\"title\":\"Vid\\u00e9o\",\"caption\":\"\",\"description\":\"\",\"meta\":{\"length_formatted\":\"2:24\"},\"dimensions\":{\"original\":{\"width\":320,\"height\":576},\"resized\":{\"width\":728,\"height\":1310}},\"image\":{\"src\":\"https:\/\/prestigelive.fr\/wp-includes\/images\/media\/video.svg\",\"width\":48,\"height\":64},\"thumb\":{\"src\":\"https:\/\/prestigelive.fr\/wp-includes\/images\/media\/video.svg\",\"width\":48,\"height\":64}}]}<\/script>\n<\/div>\n\t\n","protected":false},"excerpt":{"rendered":"<p>Prestige Live en vid\u00e9o D\u00e9couvrez en vid\u00e9o quelques-uns de nos plus beaux moments musicaux. Chaque prestation est unique, pr\u00e9par\u00e9e avec soin pour cr\u00e9er une ambiance chaleureuse et m\u00e9morable. Que ce soit pour un mariage, un vin d&#8217;honneur ou une soir\u00e9e priv\u00e9e, nous mettons nos voix et nos instruments au service [&hellip;]<\/p>\n","protected":false},"author":1,"featured_media":0,"parent":0,"menu_order":0,"comment_status":"closed","ping_status":"closed","template":"","meta":{"_themeisle_gutenberg_block_has_review":false,"footnotes":""},"class_list":["post-12","page","type-page","status-publish","hentry"],"yoast_head":"<!-- This site is optimized with the Yoast SEO plugin v26.0 - https:\/\/yoast.com\/wordpress\/plugins\/seo\/ -->\n<title>Vid\u00e9os - PrestigeLive<\/title>\n<meta name=\"robots\" content=\"index, follow, max-snippet:-1, max-image-preview:large, max-video-preview:-1\" \/>\n<link rel=\"canonical\" href=\"https:\/\/prestigelive.fr\/index.php\/musique-reprises\/\" \/>\n<meta property=\"og:locale\" content=\"en_US\" \/>\n<meta property=\"og:type\" content=\"article\" \/>\n<meta property=\"og:title\" content=\"Vid\u00e9os - PrestigeLive\" \/>\n<meta property=\"og:description\" content=\"Prestige Live en vid\u00e9o D\u00e9couvrez en vid\u00e9o quelques-uns de nos plus beaux moments musicaux. Chaque prestation est unique, pr\u00e9par\u00e9e avec soin pour cr\u00e9er une ambiance chaleureuse et m\u00e9morable. Que ce soit pour un mariage, un vin d&#8217;honneur ou une soir\u00e9e priv\u00e9e, nous mettons nos voix et nos instruments au service [&hellip;]\" \/>\n<meta property=\"og:url\" content=\"https:\/\/prestigelive.fr\/index.php\/musique-reprises\/\" \/>\n<meta property=\"og:site_name\" content=\"PrestigeLive\" \/>\n<meta property=\"article:modified_time\" content=\"2025-10-11T19:59:06+00:00\" \/>\n<meta name=\"twitter:card\" content=\"summary_large_image\" \/>\n<meta name=\"twitter:label1\" content=\"Est. reading time\" \/>\n\t<meta name=\"twitter:data1\" content=\"1 minute\" \/>\n<script type=\"application\/ld+json\" class=\"yoast-schema-graph\">{\"@context\":\"https:\/\/schema.org\",\"@graph\":[{\"@type\":\"WebPage\",\"@id\":\"https:\/\/prestigelive.fr\/index.php\/musique-reprises\/\",\"url\":\"https:\/\/prestigelive.fr\/index.php\/musique-reprises\/\",\"name\":\"Vid\u00e9os - PrestigeLive\",\"isPartOf\":{\"@id\":\"https:\/\/prestigelive.fr\/#website\"},\"datePublished\":\"2025-09-25T13:00:41+00:00\",\"dateModified\":\"2025-10-11T19:59:06+00:00\",\"breadcrumb\":{\"@id\":\"https:\/\/prestigelive.fr\/index.php\/musique-reprises\/#breadcrumb\"},\"inLanguage\":\"en-US\",\"potentialAction\":[{\"@type\":\"ReadAction\",\"target\":[\"https:\/\/prestigelive.fr\/index.php\/musique-reprises\/\"]}]},{\"@type\":\"BreadcrumbList\",\"@id\":\"https:\/\/prestigelive.fr\/index.php\/musique-reprises\/#breadcrumb\",\"itemListElement\":[{\"@type\":\"ListItem\",\"position\":1,\"name\":\"Home\",\"item\":\"https:\/\/prestigelive.fr\/\"},{\"@type\":\"ListItem\",\"position\":2,\"name\":\"Vid\u00e9os\"}]},{\"@type\":\"WebSite\",\"@id\":\"https:\/\/prestigelive.fr\/#website\",\"url\":\"https:\/\/prestigelive.fr\/\",\"name\":\"PrestigeLive\",\"description\":\"\",\"potentialAction\":[{\"@type\":\"SearchAction\",\"target\":{\"@type\":\"EntryPoint\",\"urlTemplate\":\"https:\/\/prestigelive.fr\/?s={search_term_string}\"},\"query-input\":{\"@type\":\"PropertyValueSpecification\",\"valueRequired\":true,\"valueName\":\"search_term_string\"}}],\"inLanguage\":\"en-US\"}]}<\/script>\n<!-- \/ Yoast SEO plugin. -->","yoast_head_json":{"title":"Vid\u00e9os - PrestigeLive","robots":{"index":"index","follow":"follow","max-snippet":"max-snippet:-1","max-image-preview":"max-image-preview:large","max-video-preview":"max-video-preview:-1"},"canonical":"https:\/\/prestigelive.fr\/index.php\/musique-reprises\/","og_locale":"en_US","og_type":"article","og_title":"Vid\u00e9os - PrestigeLive","og_description":"Prestige Live en vid\u00e9o D\u00e9couvrez en vid\u00e9o quelques-uns de nos plus beaux moments musicaux. Chaque prestation est unique, pr\u00e9par\u00e9e avec soin pour cr\u00e9er une ambiance chaleureuse et m\u00e9morable. Que ce soit pour un mariage, un vin d&#8217;honneur ou une soir\u00e9e priv\u00e9e, nous mettons nos voix et nos instruments au service [&hellip;]","og_url":"https:\/\/prestigelive.fr\/index.php\/musique-reprises\/","og_site_name":"PrestigeLive","article_modified_time":"2025-10-11T19:59:06+00:00","twitter_card":"summary_large_image","twitter_misc":{"Est. reading time":"1 minute"},"schema":{"@context":"https:\/\/schema.org","@graph":[{"@type":"WebPage","@id":"https:\/\/prestigelive.fr\/index.php\/musique-reprises\/","url":"https:\/\/prestigelive.fr\/index.php\/musique-reprises\/","name":"Vid\u00e9os - PrestigeLive","isPartOf":{"@id":"https:\/\/prestigelive.fr\/#website"},"datePublished":"2025-09-25T13:00:41+00:00","dateModified":"2025-10-11T19:59:06+00:00","breadcrumb":{"@id":"https:\/\/prestigelive.fr\/index.php\/musique-reprises\/#breadcrumb"},"inLanguage":"en-US","potentialAction":[{"@type":"ReadAction","target":["https:\/\/prestigelive.fr\/index.php\/musique-reprises\/"]}]},{"@type":"BreadcrumbList","@id":"https:\/\/prestigelive.fr\/index.php\/musique-reprises\/#breadcrumb","itemListElement":[{"@type":"ListItem","position":1,"name":"Home","item":"https:\/\/prestigelive.fr\/"},{"@type":"ListItem","position":2,"name":"Vid\u00e9os"}]},{"@type":"WebSite","@id":"https:\/\/prestigelive.fr\/#website","url":"https:\/\/prestigelive.fr\/","name":"PrestigeLive","description":"","potentialAction":[{"@type":"SearchAction","target":{"@type":"EntryPoint","urlTemplate":"https:\/\/prestigelive.fr\/?s={search_term_string}"},"query-input":{"@type":"PropertyValueSpecification","valueRequired":true,"valueName":"search_term_string"}}],"inLanguage":"en-US"}]}},"_links":{"self":[{"href":"https:\/\/prestigelive.fr\/index.php\/wp-json\/wp\/v2\/pages\/12","targetHints":{"allow":["GET"]}}],"collection":[{"href":"https:\/\/prestigelive.fr\/index.php\/wp-json\/wp\/v2\/pages"}],"about":[{"href":"https:\/\/prestigelive.fr\/index.php\/wp-json\/wp\/v2\/types\/page"}],"author":[{"embeddable":true,"href":"https:\/\/prestigelive.fr\/index.php\/wp-json\/wp\/v2\/users\/1"}],"replies":[{"embeddable":true,"href":"https:\/\/prestigelive.fr\/index.php\/wp-json\/wp\/v2\/comments?post=12"}],"version-history":[{"count":7,"href":"https:\/\/prestigelive.fr\/index.php\/wp-json\/wp\/v2\/pages\/12\/revisions"}],"predecessor-version":[{"id":122,"href":"https:\/\/prestigelive.fr\/index.php\/wp-json\/wp\/v2\/pages\/12\/revisions\/122"}],"wp:attachment":[{"href":"https:\/\/prestigelive.fr\/index.php\/wp-json\/wp\/v2\/media?parent=12"}],"curies":[{"name":"wp","href":"https:\/\/api.w.org\/{rel}","templated":true}]}}